{"id":10916,"date":"2022-11-08T10:10:00","date_gmt":"2022-11-08T09:10:00","guid":{"rendered":"https:\/\/www.ege-annaberg.de\/wp\/?page_id=10916"},"modified":"2025-09-29T15:06:00","modified_gmt":"2025-09-29T13:06:00","slug":"begegnungen-2","status":"publish","type":"page","link":"https:\/\/www.ege-annaberg.de\/wp\/begegnungen-2\/","title":{"rendered":"bEGEgnungen &#8211; Kontoversen und Ann\u00e4herungen in Wissenschaft, Theologie, Politik und K\u00fcnsten"},"content":{"rendered":"<p>Die Evangelische Schulgemeinschaft Erzgebirge (EGE) sieht sich als h\u00f6herer Bildungstr\u00e4ger in der Kleinstadt Annaberg-Buchholz in der Verantwortung und der M\u00f6glichkeit, in der \u00d6ffentlichkeit ein Ort f\u00fcr Information und Disput zu sein. So haben wir &#8222;bEGEgnungen&#8220; initiiert. Kontroverse Themen dieser Zeit werden dabei in einem Format besprochen, in dem Raum f\u00fcr wissenschaftliche Betrachtung, f\u00fcr k\u00fcnstlerische Umsetzung und Diskussion ist. Wissenschaftler, Theologen, Politiker, Wirtschaftsvertreter und Mitglieder unserer Schulgemeinschaft kommen dabei zu Wort.<\/p>\n<p><a href=\"https:\/\/www.ege-annaberg.de\/wp\/lernen-mit-trotz-oder-wegen-ki\/\">7.1.2026 &#8222;Lernen mit, trotz oder wegen KI&#8220;<\/a><a href=\"https:\/\/www.ege-annaberg.de\/wp\/lernen-mit-trotz-oder-wegen-ki\/\"><img loading=\"lazy\" decoding=\"async\" class=\"alignright wp-image-15700 size-thumbnail\" src=\"https:\/\/www.ege-annaberg.de\/wp\/wp-content\/uploads\/2025\/09\/Plakat-klein-150x150.jpg\" alt=\"\" width=\"150\" height=\"150\" \/><\/a><\/p>\n<p>Wird Unterricht neu gedacht werden m\u00fcssen? Wird Schule in ihren Grundfesten ersch\u00fcttert und muss sie nicht den Bildungsbegriff auf den Pr\u00fcfstand stellen? M\u00fcssen sich unsere Ziel ver\u00e4ndern und die Methoden an die technische Entwicklung anpassen? Wie muss Schule gestaltet werden: mit, trotz oder wegen KI?<\/p>\n<p><a href=\"https:\/\/www.ege-annaberg.de\/wp\/begegnungen-2-geschlechtergerechtigkeit-durch-gendersprache\/\"><img loading=\"lazy\" decoding=\"async\" class=\"alignright wp-image-10924 size-thumbnail\" src=\"https:\/\/www.ege-annaberg.de\/wp\/wp-content\/uploads\/2022\/11\/Plakatentwurf-Gendersprache-150x150.jpg\" alt=\"\" width=\"150\" height=\"150\" \/><\/a><a href=\"https:\/\/www.ege-annaberg.de\/wp\/begegnungen-2-geschlechtergerechtigkeit-durch-gendersprache\/\">8.3.2023 \u201eGeschlechtergerechtigkeit durch Gendersprache?!\u201c<\/a> Geschlechterstereotype, religi\u00f6se Vorstellungen\u00a0von Frauen- und M\u00e4nnerrollen, gesellschaftliche Richtlinien oder Gewohnheiten f\u00fchren\u00a0zu Benachteiligungen, wozu auch Sprache ihren Beitrag leistet. M\u00f6glichkeiten und Notwendigkeiten ver\u00e4nderter Sprache gegen Diskriminierung und f\u00fcr Gleichbehandlung sollen am internationalen Frauentag 2023 diskutiert werden.<\/p>\n<p><a href=\"https:\/\/www.ege-annaberg.de\/wp\/begegnungen\/\">1.6.2022 &#8222;Bewahrung der Sch\u00f6pfung durch Fridays for future?&#8220;<\/a><a href=\"https:\/\/www.ege-annaberg.de\/wp\/begegnungen\/\"><img loading=\"lazy\" decoding=\"async\" class=\"alignright wp-image-10095 size-thumbnail\" src=\"https:\/\/www.ege-annaberg.de\/wp\/wp-content\/uploads\/2022\/04\/Plakat-klein-150x150.jpg\" alt=\"\" width=\"150\" height=\"150\" \/><\/a>\u00a0 Klimawandel, M\u00f6glichkeiten und Grenzen der Energiewende standen im Zentrum der Auftaktveranstaltungen zur neuen Veranstaltungsreihe. Mitarbeitende aus Landeskirche, Stadtwerken und der Ortsgruppe Annaberg-Buchholz von &#8222;Fridays for future&#8220; stellen ihre Standpunkte zu Dikussion&#8230;<a href=\"https:\/\/www.ege-annaberg.de\/wp\/begegnungen\/\"> MEHR<\/a><\/p>\n<p>&nbsp;<\/p>\n<p>&nbsp;<\/p>\n<p>&nbsp;<\/p>\n","protected":false},"excerpt":{"rendered":"<p>Die Evangelische Schulgemeinschaft Erzgebirge (EGE) sieht sich als h\u00f6herer Bildungstr\u00e4ger in der Kleinstadt Annaberg-Buchholz in der Verantwortung und der M\u00f6glichkeit,<\/p>\n","protected":false},"author":6,"featured_media":10094,"parent":0,"menu_order":0,"comment_status":"closed","ping_status":"closed","template":"","meta":{"footnotes":""},"class_list":["post-10916","page","type-page","status-publish","has-post-thumbnail","hentry"],"_links":{"self":[{"href":"https:\/\/www.ege-annaberg.de\/wp\/wp-json\/wp\/v2\/pages\/10916","targetHints":{"allow":["GET"]}}],"collection":[{"href":"https:\/\/www.ege-annaberg.de\/wp\/wp-json\/wp\/v2\/pages"}],"about":[{"href":"https:\/\/www.ege-annaberg.de\/wp\/wp-json\/wp\/v2\/types\/page"}],"author":[{"embeddable":true,"href":"https:\/\/www.ege-annaberg.de\/wp\/wp-json\/wp\/v2\/users\/6"}],"replies":[{"embeddable":true,"href":"https:\/\/www.ege-annaberg.de\/wp\/wp-json\/wp\/v2\/comments?post=10916"}],"version-history":[{"count":9,"href":"https:\/\/www.ege-annaberg.de\/wp\/wp-json\/wp\/v2\/pages\/10916\/revisions"}],"predecessor-version":[{"id":15704,"href":"https:\/\/www.ege-annaberg.de\/wp\/wp-json\/wp\/v2\/pages\/10916\/revisions\/15704"}],"wp:featuredmedia":[{"embeddable":true,"href":"https:\/\/www.ege-annaberg.de\/wp\/wp-json\/wp\/v2\/media\/10094"}],"wp:attachment":[{"href":"https:\/\/www.ege-annaberg.de\/wp\/wp-json\/wp\/v2\/media?parent=10916"}],"curies":[{"name":"wp","href":"https:\/\/api.w.org\/{rel}","templated":true}]}}