{"id":216,"date":"2017-01-09T15:40:48","date_gmt":"2017-01-09T14:40:48","guid":{"rendered":"http:\/\/www.ege-annaberg.de\/wp\/?page_id=216"},"modified":"2025-11-05T09:25:58","modified_gmt":"2025-11-05T08:25:58","slug":"montessori-oberschule","status":"publish","type":"page","link":"https:\/\/www.ege-annaberg.de\/wp\/bildungsangebote\/montessori-oberschule\/","title":{"rendered":"Montessori-Oberschule"},"content":{"rendered":"<p align=\"justify\">Die Oberschule unter dem Dach der Evangelischen Schulgemeinschaft Erzgebirge (EGE) ist eine einz\u00fcgige Schule, die nach der P\u00e4dagogik von Maria Montessori gef\u00fchrt wird. Sie ist eng mit dem Gymnasium verkn\u00fcpft: Schulandachten, Feste, sportliche Aktivit\u00e4ten, Chor und Orchester sowie die Ganztagsangebote werden f\u00fcr die Sch\u00fcler beider Bildungsg\u00e4nge gemeinsam durchgef\u00fchrt. Ab Klassenstufe neun f\u00fchren wir die Oberschule zweiz\u00fcgig weiter und bieten damit zum einen f\u00fcr unsere eigenen Sch\u00fclerinnen und Sch\u00fcler aus dem Gymnasium eine Wechselm\u00f6glichkeit des Bildungsganges an. Zum anderen stehen damit auch f\u00fcr Neuzug\u00e4nge von au\u00dfen Pl\u00e4tze zur Verf\u00fcgung.<\/p>\n<p align=\"justify\">Die Oberschule wurde zum Schuljahr 2009\/2010 als Mittelschule er\u00f6ffnet und ist staatlich anerkannt. Besonderen Wert wird auf die Verbindung von theoretischem und praktischem Lernen und Handeln gelegt. Die Gruppen- bzw. Klassenleitungsteams sowie viele Fachlehrkr\u00e4fte und Integrationsp\u00e4dagogen besitzen das Montessori-Zertifikat f\u00fcr die Sekundarstufe oder das Montessori-Diplom.<\/p>\n<p align=\"justify\"><img loading=\"lazy\" decoding=\"async\" class=\"alignnone size-full wp-image-1229\" src=\"https:\/\/www.ege-annaberg.de\/wp\/wp-content\/uploads\/2017\/01\/Foto-OS-Gruppenzimmer-e1501827879692.jpg\" alt=\"\" width=\"1535\" height=\"1023\" \/><\/p>\n<p align=\"justify\"><strong>Lernen nach Montessori-P\u00e4dagogik<\/strong><\/p>\n<p align=\"justify\">Die Montessori-P\u00e4dagogik gr\u00fcndet auf der \u00dcberzeugung, dass jedes Kind seinen ihm eigenen Entwicklungsplan in sich tr\u00e4gt; deswegen soll die Neugier der Sch\u00fcler geweckt und zugelassen werden, aus eigenem Interesse heraus zu arbeiten. Lernerfolge sollen die Jugendlichenals Ergebnis eigener Initiative und eigenen Bem\u00fchens sch\u00e4tzen lernen.<\/p>\n<p align=\"justify\">Die Freiarbeit in einer vorbereiteten Umgebung, die eine F\u00fclle von anschaulichen und handlungsorientierten Arbeitsmaterialien bereitstellt, ist ein wesentlicher zeitlicher und inhaltlicher Bestandteil des Unterrichts. Die Lehrkraft tritt zur\u00fcck und wird zum Lernbegleiter des Sch\u00fclers. Mit zunehmender Reife der Jugendlichen tritt der Umgang mit vorbereitetem Material in den Hintergrund, das selbst\u00e4ndige Recherchieren von Fragestellungen mittels allgemein zug\u00e4nglicher Informationsmittel (Bibliothek, Internet, Besuche und Interviews) nimmt zu.<\/p>\n<p align=\"justify\">Unterrichtsformen im fachgebundenen Unterricht schlie\u00dfen Projekte, Exkursionen, Kreisgespr\u00e4che und Planspiele mit ein \u2013 das Ziel ist, dem Lernen einen aktuellen Sinn zu geben.<\/p>\n<p align=\"justify\">Praktische Erfahrungen dienen der Erlangung von Selbst\u00e4ndigkeit und Unabh\u00e4ngigkeit. Die Sch\u00fcler sollen auch mit den H\u00e4nden arbeiten, etwas schaffen, bauen oder zubereiten, sich in allt\u00e4glichen Situationen zu helfen wissen und jegliche Form von Arbeit sch\u00e4tzen lernen und w\u00fcrdigen. Die Schule bietet daher den Sch\u00fclern handwerkliche und soziale Grundfertigkeiten, welche gemeinsam mit der Berufsorientierung mit vielen Praktika schon ab Klasse 5 einen guten Start f\u00fcr das Leben nach der Oberschule schaffen. In der Klassenstufe 7\/8 der Oberschule der EGE lernen die Jugendlichen im Rahmen der Jugendschule nach Maria Montessori. Dort probieren sie sich in Werkst\u00e4tten aus, gehen eigenen Projekten auf unserem Au\u00dfengel\u00e4nde nach oder gewinnen Einblicke in die Berufswelt bei unseren Praxispartnern.<\/p>\n<p align=\"justify\">Unsere Absolventinnen und Absolventen gestalten ihren weiteren Lebensweg erfolgreich in den verschiedensten Berufsausbildungen und schulischen Ausbildungen wie Fachoberschule, beruflichem Gymnasium und dem Gymnasium der EGE.<\/p>\n<p align=\"justify\">Das Bauprojekt der<a href=\"https:\/\/www.ege-annaberg.de\/wp\/jugendschule\/\"> Jugendschule<\/a>, das ab dem Schuljahr 2024\/25 in Sehma umgesetzt wird, wird unterst\u00fctzt von der Spendenorganisation Stiftung Bildung als Programmtr\u00e4gerin von \u201eMenschen st\u00e4rken Menschen \u2013 Chancenpatenschaften\u201c \u2013 gef\u00f6rdert durch das Bundesministerium f\u00fcr Familie, Senioren, Frauen und Jugend.<\/p>\n<p align=\"justify\"><a href=\"https:\/\/www.ege-annaberg.de\/wp\/bildungsangebote\/montessori-oberschule\/250512_logobannerchp_1500x300-2\/\" rel=\"attachment wp-att-15030\"><img loading=\"lazy\" decoding=\"async\" class=\"alignnone size-full wp-image-15030\" src=\"https:\/\/www.ege-annaberg.de\/wp\/wp-content\/uploads\/2025\/05\/250512_LogobannerCHP_1500x300.png\" alt=\"\" width=\"1024\" height=\"205\" srcset=\"https:\/\/www.ege-annaberg.de\/wp\/wp-content\/uploads\/2025\/05\/250512_LogobannerCHP_1500x300.png 1024w, https:\/\/www.ege-annaberg.de\/wp\/wp-content\/uploads\/2025\/05\/250512_LogobannerCHP_1500x300-300x60.png 300w, https:\/\/www.ege-annaberg.de\/wp\/wp-content\/uploads\/2025\/05\/250512_LogobannerCHP_1500x300-768x154.png 768w\" sizes=\"auto, (max-width: 1024px) 100vw, 1024px\" \/><\/a><\/p>\n<p align=\"justify\"><em>Weitere Informationen:<\/em><\/p>\n<p align=\"justify\"><a href=\"https:\/\/www.ege-annaberg.de\/wp\/jahrgangsmischung\/\">Jahrgangsmischung<\/a><\/p>\n<p align=\"justify\"><a href=\"https:\/\/www.ege-annaberg.de\/wp\/unterrichtsformen-freiarbeit-und-fachgebundener-unterricht\/\">Unterrichtsformen: Freiarbeit und fachgebundener Unterricht<\/a><\/p>\n<p align=\"justify\"><a href=\"https:\/\/www.ege-annaberg.de\/wp\/differenzierung-neigungskurse-und-fremdsprachen\/\">Fremdsprachen<\/a><\/p>\n<p align=\"justify\"><a href=\"https:\/\/www.ege-annaberg.de\/wp\/bildungsgaenge-und-abschluesse\/\">Bildungsg\u00e4nge und Abschl\u00fcsse<\/a><\/p>\n<p align=\"justify\"><a href=\"https:\/\/www.ege-annaberg.de\/wp\/berufsorientierung\/\">Berufsorientierung<\/a><\/p>\n<p align=\"justify\"><a href=\"https:\/\/www.ege-annaberg.de\/wp\/jugendschule\/\">Jugendschule<\/a><\/p>\n","protected":false},"excerpt":{"rendered":"<p>Die Oberschule unter dem Dach der Evangelischen Schulgemeinschaft Erzgebirge (EGE) ist eine einz\u00fcgige Schule, die nach der P\u00e4dagogik von Maria<\/p>\n","protected":false},"author":2,"featured_media":0,"parent":45,"menu_order":0,"comment_status":"closed","ping_status":"closed","template":"","meta":{"footnotes":""},"class_list":["post-216","page","type-page","status-publish","hentry"],"_links":{"self":[{"href":"https:\/\/www.ege-annaberg.de\/wp\/wp-json\/wp\/v2\/pages\/216","targetHints":{"allow":["GET"]}}],"collection":[{"href":"https:\/\/www.ege-annaberg.de\/wp\/wp-json\/wp\/v2\/pages"}],"about":[{"href":"https:\/\/www.ege-annaberg.de\/wp\/wp-json\/wp\/v2\/types\/page"}],"author":[{"embeddable":true,"href":"https:\/\/www.ege-annaberg.de\/wp\/wp-json\/wp\/v2\/users\/2"}],"replies":[{"embeddable":true,"href":"https:\/\/www.ege-annaberg.de\/wp\/wp-json\/wp\/v2\/comments?post=216"}],"version-history":[{"count":19,"href":"https:\/\/www.ege-annaberg.de\/wp\/wp-json\/wp\/v2\/pages\/216\/revisions"}],"predecessor-version":[{"id":15944,"href":"https:\/\/www.ege-annaberg.de\/wp\/wp-json\/wp\/v2\/pages\/216\/revisions\/15944"}],"up":[{"embeddable":true,"href":"https:\/\/www.ege-annaberg.de\/wp\/wp-json\/wp\/v2\/pages\/45"}],"wp:attachment":[{"href":"https:\/\/www.ege-annaberg.de\/wp\/wp-json\/wp\/v2\/media?parent=216"}],"curies":[{"name":"wp","href":"https:\/\/api.w.org\/{rel}","templated":true}]}}