{"id":231,"date":"2017-01-09T15:48:01","date_gmt":"2017-01-09T14:48:01","guid":{"rendered":"http:\/\/www.ege-annaberg.de\/wp\/?page_id=231"},"modified":"2026-03-09T11:58:56","modified_gmt":"2026-03-09T10:58:56","slug":"kurswahl-sek-ii","status":"publish","type":"page","link":"https:\/\/www.ege-annaberg.de\/wp\/bildungsangebote\/wahlmoeglichkeiten\/kurswahl-sek-ii\/","title":{"rendered":"Kurswahl Sekundarstufe II"},"content":{"rendered":"<h3>Leistungskurse f\u00fcr Schuljahr 2026\/27 &#8211; Klassenstufe 11<\/h3>\n<table style=\"border-collapse: collapse; width: 100%;\">\n<tbody>\n<tr>\n<td style=\"width: 14.2857%; border-color: #e68d20;\">1. LK<\/td>\n<td style=\"width: 14.2857%; border-color: #e68d20;\">Deutsch<\/td>\n<td style=\"width: 14.2857%; border-color: #e68d20;\">Mathematik<\/td>\n<td style=\"width: 14.2857%; border-color: #e68d20;\"><\/td>\n<td style=\"width: 14.2857%; border-color: #e68d20;\"><\/td>\n<td style=\"width: 14.2857%; border-color: #e68d20;\"><\/td>\n<td style=\"width: 14.2857%; border-color: #e68d20;\"><\/td>\n<\/tr>\n<tr>\n<td style=\"width: 14.2857%; border-color: #e68d20;\">2. LK<\/td>\n<td style=\"width: 14.2857%; border-color: #e68d20;\">Biologie<\/td>\n<td style=\"width: 14.2857%; border-color: #e68d20;\">Chemie<\/td>\n<td style=\"width: 14.2857%; border-color: #e68d20;\">Englisch<\/td>\n<td style=\"width: 14.2857%; border-color: #e68d20;\">Kunst<\/td>\n<td style=\"width: 14.2857%; border-color: #e68d20;\">Musik<\/td>\n<td style=\"width: 14.2857%; border-color: #e68d20;\"><\/td>\n<\/tr>\n<\/tbody>\n<\/table>\n<h3>Einf\u00fchrung in die Sekundarstufe II<\/h3>\n<p><span style=\"font-size: 12pt;\">Mit dem Eintritt in die Sekundarstufe II ist der erste Schritt zur Erreichung der Allgemeinen Hochschulreife getan. Dies ist nicht nur ein qualitativer Sprung hinsichtlich der erh\u00f6hten Anforderungen, sondern auch ein quantitativer Sprung bez\u00fcglich eines vermehrten Arbeitsaufwandes. Um diese Anforderungen zu erf\u00fcllen, bedarf eines erheblichen zeitlichen Mehraufwandes (f\u00fcr die Erstellung von HA, Referate, Vorbereitung auf LK und Klausuren, mehrseitige Hausarbeiten, Pr\u00e4sentationen, &#8230;. ), einer effektiven Arbeitsorganisation und ein hohen Ma\u00dfes an Selbstdisziplin. Die Sch\u00fcler m\u00fcssen nunmehr eigenst\u00e4ndig mit Problemen zurecht kommen, sich zu helfen wissen, Hilfe suchen und Probleme nicht vor sich herschieben. Die Sekundarstufe II ist die arbeitsintensivste Zeit des Schullebens.<\/span><\/p>\n<p><span style=\"font-size: 12pt;\">Die Sekundarstufe II umfasst <strong>zwei Jahrgangstufen<\/strong>, welche wiederum <strong>in je zwei Kurshalbjahre<\/strong> gegliedert sind. An Stelle der Klassen treten Kursgruppen, die in den einzelnen F\u00e4chern verschieden zusammengesetzt sind. Man unterscheidet die F\u00e4cher nach Leistungs- und Grundkurs. <strong>Der Umfang der Leistungskurse betr\u00e4gt 5 Wochenstunden, der in den Grundkursen 2-4 Wochenstunden. W\u00e4hrend die Ausbildung in den Grundkursen auf ein grundlegendes Anforderungsniveau zielt, sind die Leistungskursen auf ein vertieftes Eindringen in die Unterrichtsinhalte angelegt.<\/strong> In diesen Stunden sind alle Sch\u00fcler voll gefordert. Auf Grund der Lehrplanf\u00fclle und einer abschlie\u00dfenden Zentralpr\u00fcfung sind Selbstst\u00e4ndigkeit beim Probleml\u00f6sen und anwendungsbereites Wissen der Klassenstufen 9\/10 unabdingbar.<\/span><\/p>\n<p><span style=\"font-size: 12pt;\">Au\u00dferdem wird in die sogenannte <strong>Beleg- und die Einbringungspflicht <\/strong>unterschieden. Bestimmte Kurse m\u00fcssen belegt (z.B. zwei Naturwissenschaften und zwei Fremdsprachen oder drei Naturwissenschaften und eine Fremdsprache) aber nicht unbedingt in die Abiturberechnung eingebracht werden. Jeder Sch\u00fcler bringt insgesamt 40 Kurse in die Abiturnote ein. Darunter sind Leistungspunkte in den Pr\u00fcfungsf\u00e4chern (20 Kursnoten), zwei Naturwissenschaften (8), eine Fremdsprache (4), je zwei Kurse in Religion, Musik\/Kunst, Geo\/GRW.<\/span><\/p>\n","protected":false},"excerpt":{"rendered":"<p>Leistungskurse f\u00fcr Schuljahr 2026\/27 &#8211; Klassenstufe 11 1. LK Deutsch Mathematik 2. LK Biologie Chemie Englisch Kunst Musik Einf\u00fchrung in<\/p>\n","protected":false},"author":2,"featured_media":0,"parent":221,"menu_order":0,"comment_status":"closed","ping_status":"closed","template":"","meta":{"footnotes":""},"class_list":["post-231","page","type-page","status-publish","hentry"],"_links":{"self":[{"href":"https:\/\/www.ege-annaberg.de\/wp\/wp-json\/wp\/v2\/pages\/231","targetHints":{"allow":["GET"]}}],"collection":[{"href":"https:\/\/www.ege-annaberg.de\/wp\/wp-json\/wp\/v2\/pages"}],"about":[{"href":"https:\/\/www.ege-annaberg.de\/wp\/wp-json\/wp\/v2\/types\/page"}],"author":[{"embeddable":true,"href":"https:\/\/www.ege-annaberg.de\/wp\/wp-json\/wp\/v2\/users\/2"}],"replies":[{"embeddable":true,"href":"https:\/\/www.ege-annaberg.de\/wp\/wp-json\/wp\/v2\/comments?post=231"}],"version-history":[{"count":15,"href":"https:\/\/www.ege-annaberg.de\/wp\/wp-json\/wp\/v2\/pages\/231\/revisions"}],"predecessor-version":[{"id":16617,"href":"https:\/\/www.ege-annaberg.de\/wp\/wp-json\/wp\/v2\/pages\/231\/revisions\/16617"}],"up":[{"embeddable":true,"href":"https:\/\/www.ege-annaberg.de\/wp\/wp-json\/wp\/v2\/pages\/221"}],"wp:attachment":[{"href":"https:\/\/www.ege-annaberg.de\/wp\/wp-json\/wp\/v2\/media?parent=231"}],"curies":[{"name":"wp","href":"https:\/\/api.w.org\/{rel}","templated":true}]}}