{"id":336,"date":"2017-05-21T18:05:08","date_gmt":"2017-05-21T16:05:08","guid":{"rendered":"http:\/\/www.ege-annaberg.de\/wp\/?page_id=336"},"modified":"2026-04-11T08:10:09","modified_gmt":"2026-04-11T06:10:09","slug":"geisteswissenschaftliches-profil","status":"publish","type":"page","link":"https:\/\/www.ege-annaberg.de\/wp\/bildungsangebote\/wahlmoeglichkeiten\/profile-gym\/geisteswissenschaftliches-profil\/","title":{"rendered":"Gesellschaftswissenschaftliches Profil"},"content":{"rendered":"<p>Die EGE bietet den Sch\u00fclern ab der Klassenstufe 8 die M\u00f6glichkeit,\u00a0 das gesellschaftswissenschaftliche Profil zu besuchen. In den letzten Monaten haben wir den schuleigenen Lehrplan f\u00fcr dieses Fach entr\u00fcmpelt und die Auseinandersetzung mit Medien sowie Medienerziehung st\u00e4rker eingebunden, um den Anforderungen einer sich ver\u00e4ndernden Welt gerecht zu werden.<\/p>\n<p><a href=\"https:\/\/www.ege-annaberg.de\/wp\/bildungsangebote\/wahlmoeglichkeiten\/profile-gym\/geisteswissenschaftliches-profil\/profil-gesellschaft-und-medien_compressed\/\" rel=\"attachment wp-att-16849\">Profil Gesellschaft und Medien &#8211; Pr\u00e4sentation<\/a><\/p>\n<p>&nbsp;<\/p>\n","protected":false},"excerpt":{"rendered":"<p>Die EGE bietet den Sch\u00fclern ab der Klassenstufe 8 die M\u00f6glichkeit,\u00a0 das gesellschaftswissenschaftliche Profil zu besuchen. In den letzten Monaten<\/p>\n","protected":false},"author":3,"featured_media":0,"parent":226,"menu_order":0,"comment_status":"closed","ping_status":"closed","template":"","meta":{"footnotes":""},"class_list":["post-336","page","type-page","status-publish","hentry"],"_links":{"self":[{"href":"https:\/\/www.ege-annaberg.de\/wp\/wp-json\/wp\/v2\/pages\/336","targetHints":{"allow":["GET"]}}],"collection":[{"href":"https:\/\/www.ege-annaberg.de\/wp\/wp-json\/wp\/v2\/pages"}],"about":[{"href":"https:\/\/www.ege-annaberg.de\/wp\/wp-json\/wp\/v2\/types\/page"}],"author":[{"embeddable":true,"href":"https:\/\/www.ege-annaberg.de\/wp\/wp-json\/wp\/v2\/users\/3"}],"replies":[{"embeddable":true,"href":"https:\/\/www.ege-annaberg.de\/wp\/wp-json\/wp\/v2\/comments?post=336"}],"version-history":[{"count":16,"href":"https:\/\/www.ege-annaberg.de\/wp\/wp-json\/wp\/v2\/pages\/336\/revisions"}],"predecessor-version":[{"id":16851,"href":"https:\/\/www.ege-annaberg.de\/wp\/wp-json\/wp\/v2\/pages\/336\/revisions\/16851"}],"up":[{"embeddable":true,"href":"https:\/\/www.ege-annaberg.de\/wp\/wp-json\/wp\/v2\/pages\/226"}],"wp:attachment":[{"href":"https:\/\/www.ege-annaberg.de\/wp\/wp-json\/wp\/v2\/media?parent=336"}],"curies":[{"name":"wp","href":"https:\/\/api.w.org\/{rel}","templated":true}]}}