{"id":3605,"date":"2018-03-05T10:44:25","date_gmt":"2018-03-05T09:44:25","guid":{"rendered":"https:\/\/www.ege-annaberg.de\/wp\/?page_id=3605"},"modified":"2022-07-19T06:29:52","modified_gmt":"2022-07-19T04:29:52","slug":"volleyball","status":"publish","type":"page","link":"https:\/\/www.ege-annaberg.de\/wp\/bildungsangebote\/ganztagsbereich\/volleyball\/","title":{"rendered":"Volleyball"},"content":{"rendered":"<p>Seit 2016 treffen sich w\u00f6chentlich volleyballinteressierte und -begeisterte Sch\u00fclerinnen und Sch\u00fcler um ihre technischen Grundlagen zu verbessern und gemeinsam Volleyball zu spielen.<\/p>\n<p>Unter Anleitung von Herrn Bach, der in der Erzgebirgsliga aktiv Volleyball spielt, wird flei\u00dfig trainiert und geschwitzt, wobei der spielerische Spa\u00df im Vordergrund steht.<\/p>\n<p>Bei den Kreismeisterschaften und Jugend trainiert f\u00fcr Olympia konnten bereits beachtliche Erfolge in den Jungen-, M\u00e4dchen und Mixmannschaften der verschiedenen Jahrgangsstufen erzielt werden.<\/p>\n<p>H\u00f6hepunkte sind unter anderem das EGE-Nikolausturnier, das Schuljahresabschlussturnier und die Teilnahme der 11er- und 12er-Mannschaften am Sommerfestturnier gegen die Eltern- und Lehrer-Mannschaften.<\/p>\n<p>Du hast Lust auf VOLLEYBALL???<\/p>\n<p>Dann schreib doch eine Nachricht \u00fcber die Lernplattform \u201aitslearning\u2018 oder per Mail an volker.bach@ege-annaberg.de oder schau einfach zum Training vorbei. Wir freuen uns auf DICH!<\/p>\n<p>AG-Leiter: Volker Bach<\/p>\n<p><a href=\"https:\/\/www.ege-annaberg.de\/wp\/bildungsangebote\/ganztagsbereich\/volleyball\/gta-vb-1\/\" rel=\"attachment wp-att-10445\"><img loading=\"lazy\" decoding=\"async\" class=\"alignnone size-full wp-image-10445\" src=\"https:\/\/www.ege-annaberg.de\/wp\/wp-content\/uploads\/2022\/07\/GTA-VB-1.jpg\" alt=\"\" width=\"1024\" height=\"768\" srcset=\"https:\/\/www.ege-annaberg.de\/wp\/wp-content\/uploads\/2022\/07\/GTA-VB-1.jpg 1024w, https:\/\/www.ege-annaberg.de\/wp\/wp-content\/uploads\/2022\/07\/GTA-VB-1-300x225.jpg 300w, https:\/\/www.ege-annaberg.de\/wp\/wp-content\/uploads\/2022\/07\/GTA-VB-1-768x576.jpg 768w\" sizes=\"auto, (max-width: 1024px) 100vw, 1024px\" \/><\/a> <a href=\"https:\/\/www.ege-annaberg.de\/wp\/bildungsangebote\/ganztagsbereich\/volleyball\/gta-vb-2\/\" rel=\"attachment wp-att-10446\"><img loading=\"lazy\" decoding=\"async\" class=\"alignnone size-full wp-image-10446\" src=\"https:\/\/www.ege-annaberg.de\/wp\/wp-content\/uploads\/2022\/07\/GTA-VB-2.jpg\" alt=\"\" width=\"1024\" height=\"768\" srcset=\"https:\/\/www.ege-annaberg.de\/wp\/wp-content\/uploads\/2022\/07\/GTA-VB-2.jpg 1024w, https:\/\/www.ege-annaberg.de\/wp\/wp-content\/uploads\/2022\/07\/GTA-VB-2-300x225.jpg 300w, https:\/\/www.ege-annaberg.de\/wp\/wp-content\/uploads\/2022\/07\/GTA-VB-2-768x576.jpg 768w\" sizes=\"auto, (max-width: 1024px) 100vw, 1024px\" \/><\/a> <a href=\"https:\/\/www.ege-annaberg.de\/wp\/bildungsangebote\/ganztagsbereich\/volleyball\/gta-vb-3\/\" rel=\"attachment wp-att-10447\"><img loading=\"lazy\" decoding=\"async\" class=\"alignnone size-full wp-image-10447\" src=\"https:\/\/www.ege-annaberg.de\/wp\/wp-content\/uploads\/2022\/07\/GTA-VB-3.jpg\" alt=\"\" width=\"1024\" height=\"768\" srcset=\"https:\/\/www.ege-annaberg.de\/wp\/wp-content\/uploads\/2022\/07\/GTA-VB-3.jpg 1024w, https:\/\/www.ege-annaberg.de\/wp\/wp-content\/uploads\/2022\/07\/GTA-VB-3-300x225.jpg 300w, https:\/\/www.ege-annaberg.de\/wp\/wp-content\/uploads\/2022\/07\/GTA-VB-3-768x576.jpg 768w\" sizes=\"auto, (max-width: 1024px) 100vw, 1024px\" \/><\/a> <a href=\"https:\/\/www.ege-annaberg.de\/wp\/bildungsangebote\/ganztagsbereich\/volleyball\/gta-vb-4\/\" rel=\"attachment wp-att-10448\"><img loading=\"lazy\" decoding=\"async\" class=\"alignnone size-full wp-image-10448\" src=\"https:\/\/www.ege-annaberg.de\/wp\/wp-content\/uploads\/2022\/07\/GTA-VB-4.jpg\" alt=\"\" width=\"1024\" height=\"684\" srcset=\"https:\/\/www.ege-annaberg.de\/wp\/wp-content\/uploads\/2022\/07\/GTA-VB-4.jpg 1024w, https:\/\/www.ege-annaberg.de\/wp\/wp-content\/uploads\/2022\/07\/GTA-VB-4-300x200.jpg 300w, https:\/\/www.ege-annaberg.de\/wp\/wp-content\/uploads\/2022\/07\/GTA-VB-4-768x513.jpg 768w, https:\/\/www.ege-annaberg.de\/wp\/wp-content\/uploads\/2022\/07\/GTA-VB-4-120x80.jpg 120w\" sizes=\"auto, (max-width: 1024px) 100vw, 1024px\" \/><\/a> <a href=\"https:\/\/www.ege-annaberg.de\/wp\/bildungsangebote\/ganztagsbereich\/volleyball\/gta-vb-5\/\" rel=\"attachment wp-att-10449\"><img loading=\"lazy\" decoding=\"async\" class=\"alignnone size-full wp-image-10449\" src=\"https:\/\/www.ege-annaberg.de\/wp\/wp-content\/uploads\/2022\/07\/GTA-VB-5.jpg\" alt=\"\" width=\"1024\" height=\"768\" srcset=\"https:\/\/www.ege-annaberg.de\/wp\/wp-content\/uploads\/2022\/07\/GTA-VB-5.jpg 1024w, https:\/\/www.ege-annaberg.de\/wp\/wp-content\/uploads\/2022\/07\/GTA-VB-5-300x225.jpg 300w, https:\/\/www.ege-annaberg.de\/wp\/wp-content\/uploads\/2022\/07\/GTA-VB-5-768x576.jpg 768w\" sizes=\"auto, (max-width: 1024px) 100vw, 1024px\" \/><\/a><\/p>\n","protected":false},"excerpt":{"rendered":"<p>Seit 2016 treffen sich w\u00f6chentlich volleyballinteressierte und -begeisterte Sch\u00fclerinnen und Sch\u00fcler um ihre technischen Grundlagen zu verbessern und gemeinsam Volleyball<\/p>\n","protected":false},"author":2,"featured_media":10447,"parent":219,"menu_order":0,"comment_status":"closed","ping_status":"closed","template":"","meta":{"footnotes":""},"class_list":["post-3605","page","type-page","status-publish","has-post-thumbnail","hentry"],"_links":{"self":[{"href":"https:\/\/www.ege-annaberg.de\/wp\/wp-json\/wp\/v2\/pages\/3605","targetHints":{"allow":["GET"]}}],"collection":[{"href":"https:\/\/www.ege-annaberg.de\/wp\/wp-json\/wp\/v2\/pages"}],"about":[{"href":"https:\/\/www.ege-annaberg.de\/wp\/wp-json\/wp\/v2\/types\/page"}],"author":[{"embeddable":true,"href":"https:\/\/www.ege-annaberg.de\/wp\/wp-json\/wp\/v2\/users\/2"}],"replies":[{"embeddable":true,"href":"https:\/\/www.ege-annaberg.de\/wp\/wp-json\/wp\/v2\/comments?post=3605"}],"version-history":[{"count":3,"href":"https:\/\/www.ege-annaberg.de\/wp\/wp-json\/wp\/v2\/pages\/3605\/revisions"}],"predecessor-version":[{"id":10450,"href":"https:\/\/www.ege-annaberg.de\/wp\/wp-json\/wp\/v2\/pages\/3605\/revisions\/10450"}],"up":[{"embeddable":true,"href":"https:\/\/www.ege-annaberg.de\/wp\/wp-json\/wp\/v2\/pages\/219"}],"wp:featuredmedia":[{"embeddable":true,"href":"https:\/\/www.ege-annaberg.de\/wp\/wp-json\/wp\/v2\/media\/10447"}],"wp:attachment":[{"href":"https:\/\/www.ege-annaberg.de\/wp\/wp-json\/wp\/v2\/media?parent=3605"}],"curies":[{"name":"wp","href":"https:\/\/api.w.org\/{rel}","templated":true}]}}